{"id":862,"date":"2023-12-16T15:24:00","date_gmt":"2023-12-16T14:24:00","guid":{"rendered":"https:\/\/peadas.fr\/?page_id=862"},"modified":"2024-04-15T22:58:44","modified_gmt":"2024-04-15T20:58:44","slug":"comanda","status":"publish","type":"page","link":"https:\/\/wordpress.peadas.fr\/fr\/comanda\/","title":{"rendered":"Commande"},"content":{"rendered":"<p>[et_pb_section fb_built=\u00a0\u00bb1&Prime; _builder_version=\u00a0\u00bb4.24.0&Prime; _module_preset=\u00a0\u00bbdefault\u00a0\u00bb global_colors_info=\u00a0\u00bb{}\u00a0\u00bb][et_pb_row _builder_version=\u00a0\u00bb4.24.0&Prime; _module_preset=\u00a0\u00bbdefault\u00a0\u00bb global_colors_info=\u00a0\u00bb{}\u00a0\u00bb][et_pb_column type=\u00a0\u00bb4_4&Prime; _builder_version=\u00a0\u00bb4.24.0&Prime; _module_preset=\u00a0\u00bbdefault\u00a0\u00bb global_colors_info=\u00a0\u00bb{}\u00a0\u00bb][et_pb_heading title=\u00a0\u00bbBon de comanda\u00a0\u00bb module_class=\u00a0\u00bboc_element\u00a0\u00bb _builder_version=\u00a0\u00bb4.24.0&Prime; _module_preset=\u00a0\u00bbdefault\u00a0\u00bb global_colors_info=\u00a0\u00bb{}\u00a0\u00bb][\/et_pb_heading][et_pb_heading title=\u00a0\u00bbBon de commande\u00a0\u00bb module_class=\u00a0\u00bbfr_element\u00a0\u00bb _builder_version=\u00a0\u00bb4.24.0&Prime; _module_preset=\u00a0\u00bbdefault\u00a0\u00bb global_colors_info=\u00a0\u00bb{}\u00a0\u00bb][\/et_pb_heading][\/et_pb_column][\/et_pb_row][et_pb_row _builder_version=\u00a0\u00bb4.24.0&Prime; _module_preset=\u00a0\u00bbdefault\u00a0\u00bb global_colors_info=\u00a0\u00bb{}\u00a0\u00bb][et_pb_column type=\u00a0\u00bb4_4&Prime; _builder_version=\u00a0\u00bb4.24.0&Prime; _module_preset=\u00a0\u00bbdefault\u00a0\u00bb global_colors_info=\u00a0\u00bb{}\u00a0\u00bb][et_pb_button button_url=\u00a0\u00bbhttps:\/\/peadas.fr\/wp-content\/uploads\/2024\/04\/Form_Oc_Bon-de-commande-PEADAS.pdf\u00a0\u00bb url_new_window=\u00a0\u00bbon\u00a0\u00bb button_text=\u00a0\u00bbTelecargar le bon de comanda\u00a0\u00bb button_alignment=\u00a0\u00bbcenter\u00a0\u00bb module_class=\u00a0\u00bboc_element\u00a0\u00bb _builder_version=\u00a0\u00bb4.24.3&Prime; _module_preset=\u00a0\u00bbdefault\u00a0\u00bb custom_button=\u00a0\u00bbon\u00a0\u00bb hover_enabled=\u00a0\u00bb0&Prime; global_colors_info=\u00a0\u00bb{}\u00a0\u00bb sticky_enabled=\u00a0\u00bb0&Prime;][\/et_pb_button][et_pb_button button_url=\u00a0\u00bbhttps:\/\/peadas.fr\/wp-content\/uploads\/2024\/04\/Form_Oc_Bon-de-commande-PEADAS.pdf\u00a0\u00bb url_new_window=\u00a0\u00bbon\u00a0\u00bb button_text=\u00a0\u00bbT\u00e9l\u00e9charger votre bon de commande ici\u00a0\u00bb button_alignment=\u00a0\u00bbcenter\u00a0\u00bb module_class=\u00a0\u00bbfr_element\u00a0\u00bb _builder_version=\u00a0\u00bb4.24.3&Prime; _module_preset=\u00a0\u00bbdefault\u00a0\u00bb custom_button=\u00a0\u00bbon\u00a0\u00bb hover_enabled=\u00a0\u00bb0&Prime; global_colors_info=\u00a0\u00bb{}\u00a0\u00bb sticky_enabled=\u00a0\u00bb0&Prime;][\/et_pb_button][et_pb_text _builder_version=\u00a0\u00bb4.24.0&Prime; _module_preset=\u00a0\u00bbdefault\u00a0\u00bb global_colors_info=\u00a0\u00bb{}\u00a0\u00bb][\/et_pb_text][\/et_pb_column][\/et_pb_row][\/et_pb_section]<\/p>\n","protected":false},"excerpt":{"rendered":"<p>Bon de comanda Bon de commande Telecargar le bon de&#8230;<\/p>\n","protected":false},"author":1,"featured_media":0,"parent":0,"menu_order":0,"comment_status":"closed","ping_status":"closed","template":"","meta":{"_et_pb_use_builder":"on","_et_pb_old_content":"<p>{:oc}<\/p>\n\n<!-- wp:paragraph -->\n<p>En \u00d2c. <\/p>\n<!-- \/wp:paragraph -->\n\n<!-- wp:paragraph -->\n<p>Veuillez t\u00e9l\u00e9charger afin de compl\u00e9ter le bon de commande.<\/p>\n<!-- \/wp:paragraph -->\n\n<!-- wp:file {\"id\":1022,\"href\":\"https:\/\/peadas.fr\/wp-content\/uploads\/2024\/02\/bon-de-commande-PEADAS-oc.pdf\",\"displayPreview\":true,\"backgroundColor\":\"nv-site-bg\"} -->\n<div class=\"wp-block-file has-nv-site-bg-background-color has-background\"><object class=\"wp-block-file__embed\" data=\"https:\/\/peadas.fr\/wp-content\/uploads\/2024\/02\/bon-de-commande-PEADAS-oc.pdf\" type=\"application\/pdf\" style=\"width:100%;height:600px\" aria-label=\"bon-de-commande-PEADAS oc\"><\/object><a id=\"wp-block-file--media-8a5e109f-852f-41a9-926a-20a0eabd9be6\" href=\"https:\/\/peadas.fr\/wp-content\/uploads\/2024\/02\/bon-de-commande-PEADAS-oc.pdf\" target=\"_blank\" rel=\"noreferrer noopener\">bon-de-commande-PEADAS oc<\/a><a href=\"https:\/\/peadas.fr\/wp-content\/uploads\/2024\/02\/bon-de-commande-PEADAS-oc.pdf\" class=\"wp-block-file__button wp-element-button\" download aria-describedby=\"wp-block-file--media-8a5e109f-852f-41a9-926a-20a0eabd9be6\">T\u00e9l\u00e9charger<\/a><\/div>\n<!-- \/wp:file -->\n\n<!-- wp:paragraph -->\n<p>Renvoyez le nous par mail ou par courrier avec le r\u00e8glement. Le RIB est dans le bon de commande pour r\u00e9aliser le virement.<\/p>\n<!-- \/wp:paragraph -->\n\n<p>{:}{:fr}<\/p>\n\n<!-- wp:paragraph -->\n<p>Veuillez t\u00e9l\u00e9charger afin de compl\u00e9ter le bon de commande.<\/p>\n<!-- \/wp:paragraph -->\n\n<!-- wp:file {\"id\":1021,\"href\":\"https:\/\/peadas.fr\/wp-content\/uploads\/2024\/02\/bon-de-commande-PEADAS-fr.pdf\",\"displayPreview\":true} -->\n<div class=\"wp-block-file\"><object class=\"wp-block-file__embed\" data=\"https:\/\/peadas.fr\/wp-content\/uploads\/2024\/02\/bon-de-commande-PEADAS-fr.pdf\" type=\"application\/pdf\" style=\"width:100%;height:600px\" aria-label=\"bon-de-commande-PEADAS fr\"><\/object><a id=\"wp-block-file--media-8a5e109f-852f-41a9-926a-20a0eabd9be6\" href=\"https:\/\/peadas.fr\/wp-content\/uploads\/2024\/02\/bon-de-commande-PEADAS-fr.pdf\" target=\"_blank\" rel=\"noreferrer noopener\">bon-de-commande-PEADAS fr<\/a><a href=\"https:\/\/peadas.fr\/wp-content\/uploads\/2024\/02\/bon-de-commande-PEADAS-fr.pdf\" class=\"wp-block-file__button wp-element-button\" download aria-describedby=\"wp-block-file--media-8a5e109f-852f-41a9-926a-20a0eabd9be6\">T\u00e9l\u00e9charger<\/a><\/div>\n<!-- \/wp:file -->\n\n<!-- wp:paragraph -->\n<p>Renvoyez le nous par mail ou par courrier avec le r\u00e8glement. Le RIB est dans le bon de commande pour r\u00e9aliser le virement.<\/p>\n<!-- \/wp:paragraph -->\n\n<p>{:}<\/p>","_et_gb_content_width":"","neve_meta_sidebar":"","neve_meta_container":"","neve_meta_enable_content_width":"","neve_meta_content_width":0,"neve_meta_title_alignment":"","neve_meta_author_avatar":"","neve_post_elements_order":"","neve_meta_disable_header":"","neve_meta_disable_footer":"","neve_meta_disable_title":"","footnotes":""},"class_list":["post-862","page","type-page","status-publish","hentry"],"translation":{"provider":"WPGlobus","version":"2.12.2","language":"fr","enabled_languages":["oc","fr"],"languages":{"oc":{"title":true,"content":true,"excerpt":false},"fr":{"title":true,"content":false,"excerpt":false}}},"_links":{"self":[{"href":"https:\/\/wordpress.peadas.fr\/fr\/wp-json\/wp\/v2\/pages\/862","targetHints":{"allow":["GET"]}}],"collection":[{"href":"https:\/\/wordpress.peadas.fr\/fr\/wp-json\/wp\/v2\/pages"}],"about":[{"href":"https:\/\/wordpress.peadas.fr\/fr\/wp-json\/wp\/v2\/types\/page"}],"author":[{"embeddable":true,"href":"https:\/\/wordpress.peadas.fr\/fr\/wp-json\/wp\/v2\/users\/1"}],"replies":[{"embeddable":true,"href":"https:\/\/wordpress.peadas.fr\/fr\/wp-json\/wp\/v2\/comments?post=862"}],"version-history":[{"count":36,"href":"https:\/\/wordpress.peadas.fr\/fr\/wp-json\/wp\/v2\/pages\/862\/revisions"}],"predecessor-version":[{"id":1311,"href":"https:\/\/wordpress.peadas.fr\/fr\/wp-json\/wp\/v2\/pages\/862\/revisions\/1311"}],"wp:attachment":[{"href":"https:\/\/wordpress.peadas.fr\/fr\/wp-json\/wp\/v2\/media?parent=862"}],"curies":[{"name":"wp","href":"https:\/\/api.w.org\/{rel}","templated":true}]}}