{"id":114,"date":"2023-03-09T23:28:13","date_gmt":"2023-03-09T22:28:13","guid":{"rendered":"https:\/\/peadas.fr\/?page_id=114"},"modified":"2023-12-14T22:28:58","modified_gmt":"2023-12-14T21:28:58","slug":"mencions-legalas","status":"publish","type":"page","link":"https:\/\/wordpress.peadas.fr\/fr\/mencions-legalas\/","title":{"rendered":"Mentions l\u00e9gales"},"content":{"rendered":"\n<div class=\"wp-block-columns is-layout-flex wp-container-core-columns-is-layout-9d6595d7 wp-block-columns-is-layout-flex\">\n<div class=\"wp-block-column is-layout-flow wp-block-column-is-layout-flow\">\n<p>PEADAS<\/p>\n\n\n\n<p>11 AV DU COGOTOIS<\/p>\n\n\n\n<p>32490 Castillon-Sav\u00e8s<\/p>\n<\/div>\n\n\n\n<div class=\"wp-block-column is-vertically-aligned-center is-layout-flow wp-block-column-is-layout-flow\">\n<p>SIREN: 832322572<\/p>\n\n\n\n<p>N\u00b0 de TVA: FR33832322572<\/p>\n<\/div>\n<\/div>\n\n\n\n<p><\/p>\n\n\n\n<p>Nous vous informons que nous pouvons collecter des donn\u00e9es personnelles en cas de newsletter ou de commercialisation de produit.<\/p>\n\n\n\n<p>h\u00e9berg\u00e9 par <a rel=\"noreferrer noopener\" href=\"https:\/\/www.infomaniak.com\/fr\" target=\"_blank\">infomaniak<\/a><\/p>\n\n\n\n<h2 class=\"wp-block-heading\">Carte<\/h2>\n\n\n\n<p>La carte est tir\u00e9e d&rsquo;un projet openStreetMap<\/p>\n\n\n\n<p><a href=\"https:\/\/wiki.openstreetmap.org\/wiki\/Projet_Openstreetmap-oc\">https:\/\/wiki.openstreetmap.org\/wiki\/Projet_Openstreetmap-oc<\/a><\/p>\n","protected":false},"excerpt":{"rendered":"<p>PEADAS 11 AV DU COGOTOIS 32490 Castillon-Sav\u00e8s SIREN: 832322572 N\u00b0 de TVA: FR33832322572 Nous vous informons que nous pouvons collecter des donn\u00e9es personnelles en cas de newsletter ou de commercialisation de produit. h\u00e9berg\u00e9 par infomaniak Carte La carte est tir\u00e9e d&rsquo;un projet openStreetMap https:\/\/wiki.openstreetmap.org\/wiki\/Projet_Openstreetmap-oc<\/p>\n","protected":false},"author":1,"featured_media":0,"parent":0,"menu_order":0,"comment_status":"closed","ping_status":"closed","template":"","meta":{"_et_pb_use_builder":"off","_et_pb_old_content":"","_et_gb_content_width":"1080","neve_meta_sidebar":"","neve_meta_container":"","neve_meta_enable_content_width":"","neve_meta_content_width":0,"neve_meta_title_alignment":"","neve_meta_author_avatar":"","neve_post_elements_order":"","neve_meta_disable_header":"","neve_meta_disable_footer":"","neve_meta_disable_title":"","footnotes":""},"class_list":["post-114","page","type-page","status-publish","hentry"],"translation":{"provider":"WPGlobus","version":"2.12.2","language":"fr","enabled_languages":["oc","fr"],"languages":{"oc":{"title":true,"content":true,"excerpt":false},"fr":{"title":true,"content":true,"excerpt":false}}},"_links":{"self":[{"href":"https:\/\/wordpress.peadas.fr\/fr\/wp-json\/wp\/v2\/pages\/114","targetHints":{"allow":["GET"]}}],"collection":[{"href":"https:\/\/wordpress.peadas.fr\/fr\/wp-json\/wp\/v2\/pages"}],"about":[{"href":"https:\/\/wordpress.peadas.fr\/fr\/wp-json\/wp\/v2\/types\/page"}],"author":[{"embeddable":true,"href":"https:\/\/wordpress.peadas.fr\/fr\/wp-json\/wp\/v2\/users\/1"}],"replies":[{"embeddable":true,"href":"https:\/\/wordpress.peadas.fr\/fr\/wp-json\/wp\/v2\/comments?post=114"}],"version-history":[{"count":19,"href":"https:\/\/wordpress.peadas.fr\/fr\/wp-json\/wp\/v2\/pages\/114\/revisions"}],"predecessor-version":[{"id":861,"href":"https:\/\/wordpress.peadas.fr\/fr\/wp-json\/wp\/v2\/pages\/114\/revisions\/861"}],"wp:attachment":[{"href":"https:\/\/wordpress.peadas.fr\/fr\/wp-json\/wp\/v2\/media?parent=114"}],"curies":[{"name":"wp","href":"https:\/\/api.w.org\/{rel}","templated":true}]}}