{"id":11,"date":"2023-02-15T00:33:52","date_gmt":"2023-02-14T23:33:52","guid":{"rendered":"https:\/\/peadas.fr\/?page_id=11"},"modified":"2024-02-24T23:06:35","modified_gmt":"2024-02-24T22:06:35","slug":"leditor","status":"publish","type":"page","link":"https:\/\/wordpress.peadas.fr\/fr\/leditor\/","title":{"rendered":"L&rsquo;\u00e9diteur"},"content":{"rendered":"\n<h2 class=\"wp-block-heading\" id=\"quiSommesNous\">Qui sommes nous?<\/h2>\n\n\n<div class=\"wp-block-image\">\n<figure class=\"aligncenter size-large is-resized\"><img loading=\"lazy\" decoding=\"async\" width=\"1024\" height=\"512\" src=\"https:\/\/peadas.fr\/wp-content\/uploads\/2023\/09\/question-mark-1024x512.jpg\" alt=\"\" class=\"wp-image-237\" style=\"object-fit:cover;width:950px;height:300px\" srcset=\"https:\/\/wordpress.peadas.fr\/wp-content\/uploads\/2023\/09\/question-mark-1024x512.jpg 1024w, https:\/\/wordpress.peadas.fr\/wp-content\/uploads\/2023\/09\/question-mark-300x150.jpg 300w, https:\/\/wordpress.peadas.fr\/wp-content\/uploads\/2023\/09\/question-mark-768x384.jpg 768w, https:\/\/wordpress.peadas.fr\/wp-content\/uploads\/2023\/09\/question-mark-600x300.jpg 600w, https:\/\/wordpress.peadas.fr\/wp-content\/uploads\/2023\/09\/question-mark.jpg 1280w\" sizes=\"auto, (max-width: 1024px) 100vw, 1024px\" \/><\/figure>\n<\/div>\n\n\n<div style=\"height:20px\" aria-hidden=\"true\" class=\"wp-block-spacer\"><\/div>\n\n\n\n<p>L&rsquo;ambition de PEADAS est de :<\/p>\n\n\n\n<p class=\"has-neve-link-color-color has-text-color has-link-color wp-elements-d9556ffaff7e4fd1f218974165ff5c5c\">Donner \u00e0 des auteurs de la Gascogne orientale la possibilit\u00e9 de participer au concert litt\u00e9raire occitan.<\/p>\n\n\n\n<p class=\"has-neve-link-color-color has-text-color has-link-color wp-elements-e6c5d956f1ac9111655eb5eda3dae40a\">Se faire une place dans l&rsquo;offre litt\u00e9raire en langue occitane.<\/p>\n\n\n\n<p class=\"has-neve-link-color-color has-text-color has-link-color wp-elements-3e6d0a5671919ac55baa4241528d4f24\">\u00c9tablir des ponts entre les litt\u00e9ratures de jeunesse du monde en proposant des \u0153uvres s\u00e9lectionn\u00e9es dans les catalogues d&rsquo;\u00e9diteurs portugais, espagnols, anglais\u2026<\/p>\n\n\n\n<p class=\"has-neve-link-color-color has-text-color has-link-color wp-elements-5fe1d7fe24eda815d30dbbb58a458df3\">Prendre la route sans vergogne ni m\u00e9pris, sans peur ni gloriole mais avec enthousiasme et serenit\u00e9.<\/p>\n\n\n\n<p class=\"has-neve-link-color-color has-text-color has-link-color wp-elements-1cce04698e4dddd12eee5957e934d764\">Emboitez-leur le pas !<\/p>\n\n\n\n<div style=\"height:50px\" aria-hidden=\"true\" class=\"wp-block-spacer\"><\/div>\n\n\n\n<div class=\"wp-block-columns is-layout-flex wp-container-core-columns-is-layout-9d6595d7 wp-block-columns-is-layout-flex\">\n<div class=\"wp-block-column is-layout-flow wp-block-column-is-layout-flow\">\n<h2 class=\"wp-block-heading\">Partenaria<\/h2>\n\n\n\n<ul class=\"wp-block-list\">\n<li>La mairie le Castillon<\/li>\n\n\n\n<li>Association Escota e Minja<\/li>\n\n\n\n<li>Photographies: AD Photographies<\/li>\n<\/ul>\n<\/div>\n\n\n\n<div class=\"wp-block-column is-layout-flow wp-block-column-is-layout-flow\">\n<figure class=\"wp-block-image size-full is-resized\"><img loading=\"lazy\" decoding=\"async\" width=\"500\" height=\"500\" src=\"https:\/\/peadas.fr\/wp-content\/uploads\/2024\/02\/Partner.png\" alt=\"Partner\" class=\"wp-image-1286\" style=\"width:250px\" srcset=\"https:\/\/wordpress.peadas.fr\/wp-content\/uploads\/2024\/02\/Partner.png 500w, https:\/\/wordpress.peadas.fr\/wp-content\/uploads\/2024\/02\/Partner-300x300.png 300w, https:\/\/wordpress.peadas.fr\/wp-content\/uploads\/2024\/02\/Partner-150x150.png 150w\" sizes=\"auto, (max-width: 500px) 100vw, 500px\" \/><\/figure>\n<\/div>\n<\/div>\n","protected":false},"excerpt":{"rendered":"<p>Qui sommes nous? L&rsquo;ambition de PEADAS est de : Donner \u00e0 des auteurs de la Gascogne orientale la possibilit\u00e9 de participer au concert litt\u00e9raire occitan. Se faire une place dans l&rsquo;offre litt\u00e9raire en langue occitane. \u00c9tablir des ponts entre les litt\u00e9ratures de jeunesse du monde en proposant des \u0153uvres s\u00e9lectionn\u00e9es dans les catalogues d&rsquo;\u00e9diteurs portugais,&hellip;&nbsp;<a href=\"https:\/\/wordpress.peadas.fr\/fr\/leditor\/\" class=\"\" rel=\"bookmark\">Lire la suite &raquo;<span class=\"screen-reader-text\">L&rsquo;\u00e9diteur<\/span><\/a><\/p>\n","protected":false},"author":1,"featured_media":0,"parent":0,"menu_order":0,"comment_status":"closed","ping_status":"closed","template":"","meta":{"_et_pb_use_builder":"off","_et_pb_old_content":"{:oc}<!-- wp:heading -->\n<h2 class=\"wp-block-heading\" id=\"quiSommesNous\">Qui \u00e8m?<\/h2>\n<!-- \/wp:heading -->\n\n<!-- wp:image {\"align\":\"center\",\"id\":237,\"width\":\"950px\",\"height\":\"300px\",\"scale\":\"cover\",\"sizeSlug\":\"large\",\"linkDestination\":\"none\"} -->\n<figure class=\"wp-block-image aligncenter size-large is-resized\"><img src=\"https:\/\/peadas.fr\/wp-content\/uploads\/2023\/09\/question-mark-1024x512.jpg\" alt=\"\" class=\"wp-image-237\" style=\"object-fit:cover;width:950px;height:300px\"\/><\/figure>\n<!-- \/wp:image -->\n\n<!-- wp:spacer {\"height\":\"20px\"} -->\n<div style=\"height:20px\" aria-hidden=\"true\" class=\"wp-block-spacer\"><\/div>\n<!-- \/wp:spacer -->\n\n<!-- wp:paragraph {\"style\":{\"elements\":{\"link\":{\"color\":{\"text\":\"var:preset|color|nv-dark-bg\"}}}},\"textColor\":\"nv-dark-bg\"} -->\n<p class=\"has-nv-dark-bg-color has-text-color has-link-color\">Las ambicions de PEADAS :<\/p>\n<!-- \/wp:paragraph -->\n\n<!-- wp:paragraph {\"style\":{\"elements\":{\"link\":{\"color\":{\"text\":\"var:preset|color|nv-c-1\"}}}},\"textColor\":\"nv-c-1\"} -->\n<p class=\"has-nv-c-1-color has-text-color has-link-color\">Balhar a autors de la Gasconha orientala la possibilitat de participar au conc\u00e8rt literari occitan. <\/p>\n<!-- \/wp:paragraph -->\n\n<!-- wp:paragraph {\"style\":{\"elements\":{\"link\":{\"color\":{\"text\":\"var:preset|color|nv-c-1\"}}}},\"textColor\":\"nv-c-1\"} -->\n<p class=\"has-nv-c-1-color has-text-color has-link-color\">Se trobar la pla\u00e7a en l\u2019auf\u00e8rta liter\u00e0ria en Ienga occitana.<\/p>\n<!-- \/wp:paragraph -->\n\n<!-- wp:paragraph {\"style\":{\"elements\":{\"link\":{\"color\":{\"text\":\"var:preset|color|nv-c-1\"}}}},\"textColor\":\"nv-c-1\"} -->\n<p class=\"has-nv-c-1-color has-text-color has-link-color\">T\u00e9isher ligams entre las literaturas de joenessa deu monde en prepausar adaptacions a l\u2019occitan d\u2019\u00f2bras causidas aus catal\u00f2gues d\u2019editors portugu\u00e9s, espanh\u00f2us, italians, angl\u00e9s\u2026<\/p>\n<!-- \/wp:paragraph -->\n\n<!-- wp:paragraph {\"style\":{\"elements\":{\"link\":{\"color\":{\"text\":\"var:preset|color|nv-c-1\"}}}},\"textColor\":\"nv-c-1\"} -->\n<p class=\"has-nv-c-1-color has-text-color has-link-color\">Se botar le camin devath les p\u00e8s sense vergonha ni mespr\u00e9s, sense paur ni glori\u00f2la, m\u00e8s damb estramb\u00f2rd e serenitat.<\/p>\n<!-- \/wp:paragraph -->\n\n<!-- wp:paragraph {\"style\":{\"elements\":{\"link\":{\"color\":{\"text\":\"var:preset|color|nv-c-1\"}}}},\"textColor\":\"nv-c-1\"} -->\n<p class=\"has-nv-c-1-color has-text-color has-link-color\">Seguish\u00e8tz-las !<\/p>\n<!-- \/wp:paragraph -->\n\n<!-- wp:spacer {\"height\":\"50px\"} -->\n<div style=\"height:50px\" aria-hidden=\"true\" class=\"wp-block-spacer\"><\/div>\n<!-- \/wp:spacer -->\n\n<!-- wp:heading -->\n<h2 class=\"wp-block-heading\" id=\"partenaria\">Partenaris<\/h2>\n<!-- \/wp:heading -->\n\n<!-- wp:list -->\n<ul><!-- wp:list-item -->\n<li>Comuna de Castilhon de Sav\u00e9s<\/li>\n<!-- \/wp:list-item -->\n\n<!-- wp:list-item -->\n<li>Associacion Escota e Minja<\/li>\n<!-- \/wp:list-item --><\/ul>\n<!-- \/wp:list -->\n\n<!-- wp:list -->\n<ul><!-- wp:list-item -->\n<li>F\u00f2tos : <em>AD Photographies<\/em><\/li>\n<!-- \/wp:list-item --><\/ul>\n<!-- \/wp:list -->{:}{:fr}<\/p>\n\n<!-- wp:heading -->\n<h2 class=\"wp-block-heading\" id=\"quiSommesNous\">Qui sommes nous?<\/h2>\n<!-- \/wp:heading -->\n\n<!-- wp:image {\"align\":\"center\",\"id\":237,\"width\":\"950px\",\"height\":\"300px\",\"scale\":\"cover\",\"sizeSlug\":\"large\",\"linkDestination\":\"none\"} -->\n<figure class=\"wp-block-image aligncenter size-large is-resized\"><img src=\"https:\/\/peadas.fr\/wp-content\/uploads\/2023\/09\/question-mark-1024x512.jpg\" alt=\"\" class=\"wp-image-237\" style=\"object-fit:cover;width:950px;height:300px\"\/><\/figure>\n<!-- \/wp:image -->\n\n<!-- wp:spacer {\"height\":\"20px\"} -->\n<div style=\"height:20px\" aria-hidden=\"true\" class=\"wp-block-spacer\"><\/div>\n<!-- \/wp:spacer -->\n\n<!-- wp:paragraph -->\n<p>L'ambition de PEADAS est de :<\/p>\n<!-- \/wp:paragraph -->\n\n<!-- wp:paragraph {\"style\":{\"elements\":{\"link\":{\"color\":{\"text\":\"var:preset|color|neve-link-color\"}}}},\"textColor\":\"neve-link-color\"} -->\n<p class=\"has-neve-link-color-color has-text-color has-link-color\">Donner \u00e0 des auteurs de la Gascogne orientale la possibilit\u00e9 de participer au concert litt\u00e9raire occitan.<\/p>\n<!-- \/wp:paragraph -->\n\n<!-- wp:paragraph {\"style\":{\"elements\":{\"link\":{\"color\":{\"text\":\"var:preset|color|neve-link-color\"}}}},\"textColor\":\"neve-link-color\"} -->\n<p class=\"has-neve-link-color-color has-text-color has-link-color\">Se faire une place dans l'offre litt\u00e9raire en langue occitane.<\/p>\n<!-- \/wp:paragraph -->\n\n<!-- wp:paragraph {\"style\":{\"elements\":{\"link\":{\"color\":{\"text\":\"var:preset|color|neve-link-color\"}}}},\"textColor\":\"neve-link-color\"} -->\n<p class=\"has-neve-link-color-color has-text-color has-link-color\">\u00c9tablir des ponts entre les litt\u00e9ratures de jeunesse du monde en proposant des \u0153uvres s\u00e9lectionn\u00e9es dans les catalogues d'\u00e9diteurs portugais, espagnols, anglais\u2026<\/p>\n<!-- \/wp:paragraph -->\n\n<!-- wp:paragraph {\"style\":{\"elements\":{\"link\":{\"color\":{\"text\":\"var:preset|color|neve-link-color\"}}}},\"textColor\":\"neve-link-color\"} -->\n<p class=\"has-neve-link-color-color has-text-color has-link-color\">Prendre la route sans vergogne ni m\u00e9pris, sans peur ni gloriole mais avec enthousiasme et serenit\u00e9.<\/p>\n<!-- \/wp:paragraph -->\n\n<!-- wp:paragraph {\"style\":{\"elements\":{\"link\":{\"color\":{\"text\":\"var:preset|color|neve-link-color\"}}}},\"textColor\":\"neve-link-color\"} -->\n<p class=\"has-neve-link-color-color has-text-color has-link-color\">Emboitez-leur le pas !<\/p>\n<!-- \/wp:paragraph -->\n\n<!-- wp:spacer {\"height\":\"50px\"} -->\n<div style=\"height:50px\" aria-hidden=\"true\" class=\"wp-block-spacer\"><\/div>\n<!-- \/wp:spacer -->\n\n<!-- wp:heading -->\n<h2 class=\"wp-block-heading\" id=\"partenaria\">Partenaria<\/h2>\n<!-- \/wp:heading -->\n\n<!-- wp:list -->\n<ul><!-- wp:list-item -->\n<li>La mairie le Castillon<\/li>\n<!-- \/wp:list-item -->\n\n<!-- wp:list-item -->\n<li>Association Escota e Minja<\/li>\n<!-- \/wp:list-item --><\/ul>\n<!-- \/wp:list -->\n\n<!-- wp:heading -->\n<h2 class=\"wp-block-heading\" id=\"partenaria\">Credits<\/h2>\n<!-- \/wp:heading -->\n\n<!-- wp:list -->\n<ul><!-- wp:list-item -->\n<li>Photographies: AD Photographies<\/li>\n<!-- \/wp:list-item --><\/ul>\n<!-- \/wp:list -->\n\n<!-- wp:paragraph -->\n<p><\/p>\n<!-- \/wp:paragraph -->\n\n<p>{:}","_et_gb_content_width":"1080","neve_meta_sidebar":"","neve_meta_container":"","neve_meta_enable_content_width":"","neve_meta_content_width":0,"neve_meta_title_alignment":"","neve_meta_author_avatar":"","neve_post_elements_order":"","neve_meta_disable_header":"","neve_meta_disable_footer":"","neve_meta_disable_title":"","footnotes":""},"class_list":["post-11","page","type-page","status-publish","hentry"],"translation":{"provider":"WPGlobus","version":"2.12.2","language":"fr","enabled_languages":["oc","fr"],"languages":{"oc":{"title":true,"content":true,"excerpt":false},"fr":{"title":true,"content":true,"excerpt":false}}},"_links":{"self":[{"href":"https:\/\/wordpress.peadas.fr\/fr\/wp-json\/wp\/v2\/pages\/11","targetHints":{"allow":["GET"]}}],"collection":[{"href":"https:\/\/wordpress.peadas.fr\/fr\/wp-json\/wp\/v2\/pages"}],"about":[{"href":"https:\/\/wordpress.peadas.fr\/fr\/wp-json\/wp\/v2\/types\/page"}],"author":[{"embeddable":true,"href":"https:\/\/wordpress.peadas.fr\/fr\/wp-json\/wp\/v2\/users\/1"}],"replies":[{"embeddable":true,"href":"https:\/\/wordpress.peadas.fr\/fr\/wp-json\/wp\/v2\/comments?post=11"}],"version-history":[{"count":31,"href":"https:\/\/wordpress.peadas.fr\/fr\/wp-json\/wp\/v2\/pages\/11\/revisions"}],"predecessor-version":[{"id":1295,"href":"https:\/\/wordpress.peadas.fr\/fr\/wp-json\/wp\/v2\/pages\/11\/revisions\/1295"}],"wp:attachment":[{"href":"https:\/\/wordpress.peadas.fr\/fr\/wp-json\/wp\/v2\/media?parent=11"}],"curies":[{"name":"wp","href":"https:\/\/api.w.org\/{rel}","templated":true}]}}